{"id":519,"date":"2019-06-15T12:24:42","date_gmt":"2019-06-15T09:24:42","guid":{"rendered":"http:\/\/www.solaklarsigorta.com\/?page_id=519"},"modified":"2019-06-15T12:25:37","modified_gmt":"2019-06-15T09:25:37","slug":"about-the-company-3-3-2","status":"publish","type":"page","link":"https:\/\/www.solaklarsigorta.com\/?page_id=519","title":{"rendered":"Kasko Sigortas\u0131"},"content":{"rendered":"<p>[vc_row css_animation=&#8221;&#8221; row_type=&#8221;row&#8221; use_row_as_full_screen_section=&#8221;no&#8221; type=&#8221;grid&#8221; angled_section=&#8221;no&#8221; text_align=&#8221;left&#8221; background_image_as_pattern=&#8221;without_pattern&#8221; css=&#8221;.vc_custom_1491987987672{padding-top: 97px !important;}&#8221;][vc_column width=&#8221;1\/2&#8243;][vc_column_text]<\/p>\n<div style=\"text-align: left;\">\n<div class=\"areaInner\">\n<div class=\"brTop\">\n<div style=\"text-align: left;\">\n<div class=\"areaInner\">\n<div class=\"brTop\">\n<h2>KASKO S\u0130GORTASI<\/h2>\n<\/div>\n<\/div>\n<\/div>\n<\/div>\n<\/div>\n<\/div>\n<p>[\/vc_column_text][vc_empty_space height=&#8221;17px&#8221;][vc_column_text]<\/p>\n<div style=\"text-align: left;\">\n<div style=\"text-align: left;\">\n<div class=\"areaInner\">\n<div class=\"brTop\">\n<div style=\"text-align: left;\">\n<div class=\"areaInner\">\n<div class=\"brTop\">\n<h4>Kasko Sigortas\u0131, herhangi bir motorlu kara ta\u015f\u0131t\u0131n\u0131n sigortal\u0131 ki\u015finin iradesi d\u0131\u015f\u0131nda ara\u00e7 hareket halindeyken ya da dururken hasara u\u011framas\u0131, \u00e7al\u0131nmas\u0131, yanmas\u0131 ve kaza gibi durumlarda sigorta sahibine tazminat \u00f6denmesini sa\u011flar.<\/h4>\n<\/div>\n<\/div>\n<\/div>\n<\/div>\n<\/div>\n<\/div>\n<\/div>\n<p>[\/vc_column_text][vc_empty_space height=&#8221;17px&#8221;][vc_column_text]<\/p>\n<div style=\"text-align: left;\">\n<div style=\"text-align: left;\">\n<div class=\"brTop\">\n<div style=\"text-align: left;\">\n<div class=\"areaInner\">\n<div class=\"brTop\">Kasko Sigortas\u0131, zorunlu Trafik Sigortas\u0131\u2019n\u0131n aksine sigorta sahibinin kendi arac\u0131n\u0131 g\u00fcvence alt\u0131na almas\u0131n\u0131 sa\u011flar ki bu durum Kasko ile Trafik Sigortalar\u0131 aras\u0131ndaki en \u00f6nemli farkt\u0131r.<br \/>\n\u0130ste\u011fe ba\u011fl\u0131 sigortalar aras\u0131nda yer alan Kasko Sigortas\u0131\u2019n\u0131 Anadolu Sigorta\u2019n\u0131n avantajl\u0131 ve kapsaml\u0131 sigorta poli\u00e7eleriyle birlikte g\u00fc\u00e7lendirebilir, araba s\u00fcrme keyfinize g\u00fcveni ve huzuru ekleyebilirsiniz.<\/div>\n<\/div>\n<\/div>\n<\/div>\n<\/div>\n<\/div>\n<p>[\/vc_column_text][vc_empty_space height=&#8221;17px&#8221;][vc_column_text]<\/p>\n<div style=\"text-align: left;\">\n<div style=\"text-align: left;\">\n<div class=\"brTop\">\n<div style=\"text-align: left;\">\n<div class=\"areaInner\">\n<div class=\"brTop\">\n<div style=\"text-align: left;\">\n<div class=\"brTop\">\n<h3 class=\"colorOrange\">Kasko Sigortas\u0131 neden yapt\u0131r\u0131lmal\u0131d\u0131r?<\/h3>\n<p>Kasko Sigorta poli\u00e7esi alanlar; hasars\u0131zl\u0131k indirimi koruma ek teminat\u0131ndan mini onar\u0131m hizmetine, \u00e7ok say\u0131da anla\u015fmal\u0131 servis istasyonu se\u00e7ene\u011finden 7 g\u00fcn\/24 saat hizmet sa\u011flayan asistans yard\u0131mlar\u0131na kadar \u00e7ok say\u0131da hizmetten yararlanma ayr\u0131cal\u0131\u011f\u0131na da kavu\u015fmaktad\u0131r.<\/p>\n<p>Kasko Sigortas\u0131 ile hem arac\u0131n\u0131z\u0131 hem de b\u00fct\u00e7enizi g\u00fcvence alt\u0131na alm\u0131\u015f olursunuz. T\u00fcrkiye\u2019nin en k\u00f6kl\u00fc ve \u00f6nc\u00fc sigorta \u015firketi Anadolu Sigorta\u2019da tek bir poli\u00e7e ile arac\u0131n\u0131z i\u00e7in ihtiya\u00e7 duyabilece\u011finiz t\u00fcm sigorta teminatlar\u0131na bir arada, \u00fcstelik benzersiz avantajlarla sahip olabilirsiniz.<\/p>\n<\/div>\n<\/div>\n<\/div>\n<\/div>\n<\/div>\n<\/div>\n<\/div>\n<\/div>\n<p>[\/vc_column_text][vc_empty_space height=&#8221;17px&#8221;][\/vc_column][vc_column width=&#8221;1\/2&#8243;][vc_empty_space height=&#8221;7px&#8221;][vc_single_image image=&#8221;520&#8243; img_size=&#8221;full&#8221; qode_css_animation=&#8221;&#8221;][vc_empty_space height=&#8221;40px&#8221;][\/vc_column][\/vc_row][vc_row css_animation=&#8221;&#8221; row_type=&#8221;row&#8221; use_row_as_full_screen_section=&#8221;no&#8221; type=&#8221;grid&#8221; angled_section=&#8221;no&#8221; text_align=&#8221;left&#8221; background_image_as_pattern=&#8221;without_pattern&#8221; css=&#8221;.vc_custom_1473086245677{padding-top: 13px !important;padding-bottom: 13px !important;background-color: #ffffff !important;}&#8221;][vc_column]<div class='qode_carousels_holder clearfix'><div class='qode_carousels' data-number-of-visible-items='4'><ul class='slides'><li class='item'><div class=\"carousel_item_holder\"><a itemprop='url' href='#' target='_self'><span class='first_image_holder has_hover_image'><img decoding=\"async\" itemprop=\"image\" src=\"http:\/\/www.solaklarsigorta.com\/wp-content\/uploads\/2025\/02\/ak-sigorta-solaklar.png\" alt=\"carousel image\" \/><\/span><span class='second_image_holder has_hover_image'><img decoding=\"async\" itemprop=\"image\" src=\"http:\/\/www.solaklarsigorta.com\/wp-content\/uploads\/2025\/02\/ak-sigorta-solaklar.png\" alt=\"carousel image\" \/><\/span><\/a><\/div><\/li><li class='item'><div class=\"carousel_item_holder\"><a itemprop='url' href='#' target='_self'><span class='first_image_holder has_hover_image'><img decoding=\"async\" itemprop=\"image\" src=\"http:\/\/www.solaklarsigorta.com\/wp-content\/uploads\/2025\/02\/Axa-sigorta-Solaklar.png\" alt=\"carousel image\" \/><\/span><span class='second_image_holder has_hover_image'><img decoding=\"async\" itemprop=\"image\" src=\"http:\/\/www.solaklarsigorta.com\/wp-content\/uploads\/2025\/02\/Axa-sigorta-Solaklar.png\" alt=\"carousel image\" \/><\/span><\/a><\/div><\/li><li class='item'><div class=\"carousel_item_holder\"><a itemprop='url' href='#' target='_self'><span class='first_image_holder has_hover_image'><img decoding=\"async\" itemprop=\"image\" src=\"http:\/\/www.solaklarsigorta.com\/wp-content\/uploads\/2025\/02\/sompo-sigorta-solaklar.png\" alt=\"carousel image\" \/><\/span><span class='second_image_holder has_hover_image'><img decoding=\"async\" itemprop=\"image\" src=\"http:\/\/www.solaklarsigorta.com\/wp-content\/uploads\/2025\/02\/sompo-sigorta-solaklar.png\" alt=\"carousel image\" \/><\/span><\/a><\/div><\/li><li class='item'><div class=\"carousel_item_holder\"><a itemprop='url' href='#' target='_self'><span class='first_image_holder has_hover_image'><img decoding=\"async\" itemprop=\"image\" src=\"http:\/\/www.solaklarsigorta.com\/wp-content\/uploads\/2025\/02\/HDI-Sigorta-solaklar.png\" alt=\"carousel image\" \/><\/span><span class='second_image_holder has_hover_image'><img decoding=\"async\" itemprop=\"image\" src=\"http:\/\/www.solaklarsigorta.com\/wp-content\/uploads\/2025\/02\/HDI-Sigorta-solaklar.png\" alt=\"carousel image\" \/><\/span><\/a><\/div><\/li><li class='item'><div class=\"carousel_item_holder\"><a itemprop='url' href='#' target='_self'><span class='first_image_holder has_hover_image'><img decoding=\"async\" itemprop=\"image\" src=\"http:\/\/www.solaklarsigorta.com\/wp-content\/uploads\/2025\/02\/unico-sigorta-solaklar.png\" alt=\"carousel image\" \/><\/span><span class='second_image_holder has_hover_image'><img decoding=\"async\" itemprop=\"image\" src=\"http:\/\/www.solaklarsigorta.com\/wp-content\/uploads\/2025\/02\/unico-sigorta-solaklar.png\" alt=\"carousel image\" \/><\/span><\/a><\/div><\/li><li class='item'><div class=\"carousel_item_holder\"><a itemprop='url' href='#' target='_self'><span class='first_image_holder has_hover_image'><img decoding=\"async\" itemprop=\"image\" src=\"http:\/\/www.solaklarsigorta.com\/wp-content\/uploads\/2025\/02\/ray-sigorta-solaklar-1.png\" alt=\"carousel image\" \/><\/span><span class='second_image_holder has_hover_image'><img decoding=\"async\" itemprop=\"image\" src=\"http:\/\/www.solaklarsigorta.com\/wp-content\/uploads\/2025\/02\/ray-sigorta-solaklar.png\" alt=\"carousel image\" \/><\/span><\/a><\/div><\/li><li class='item'><div class=\"carousel_item_holder\"><a itemprop='url' href='#' target='_self'><span class='first_image_holder has_hover_image'><img decoding=\"async\" itemprop=\"image\" src=\"http:\/\/www.solaklarsigorta.com\/wp-content\/uploads\/2025\/02\/quick-sigorta-solaklar.png\" alt=\"carousel image\" \/><\/span><span class='second_image_holder has_hover_image'><img decoding=\"async\" itemprop=\"image\" src=\"http:\/\/www.solaklarsigorta.com\/wp-content\/uploads\/2025\/02\/quick-sigorta-solaklar.png\" alt=\"carousel image\" \/><\/span><\/a><\/div><\/li><li class='item'><div class=\"carousel_item_holder\"><a itemprop='url' href='#' target='_self'><span class='first_image_holder has_hover_image'><img decoding=\"async\" itemprop=\"image\" src=\"http:\/\/www.solaklarsigorta.com\/wp-content\/uploads\/2025\/02\/Hepiyi-sigorta-Solaklar.png\" alt=\"carousel image\" \/><\/span><span class='second_image_holder has_hover_image'><img decoding=\"async\" itemprop=\"image\" src=\"http:\/\/www.solaklarsigorta.com\/wp-content\/uploads\/2025\/02\/Hepiyi-sigorta-Solaklar.png\" alt=\"carousel image\" \/><\/span><\/a><\/div><\/li><li class='item'><div class=\"carousel_item_holder\"><a itemprop='url' href='#' target='_self'><span class='first_image_holder has_hover_image'><img decoding=\"async\" itemprop=\"image\" src=\"http:\/\/www.solaklarsigorta.com\/wp-content\/uploads\/2025\/02\/neova-sigorta-Solaklar.png\" alt=\"carousel image\" \/><\/span><span class='second_image_holder has_hover_image'><img decoding=\"async\" itemprop=\"image\" src=\"http:\/\/www.solaklarsigorta.com\/wp-content\/uploads\/2025\/02\/neova-sigorta-Solaklar.png\" alt=\"carousel image\" \/><\/span><\/a><\/div><\/li><li class='item'><div class=\"carousel_item_holder\"><a itemprop='url' href='#' target='_self'><span class='first_image_holder has_hover_image'><img decoding=\"async\" itemprop=\"image\" src=\"http:\/\/www.solaklarsigorta.com\/wp-content\/uploads\/2025\/02\/Zurichh-sigorta-Solaklar.png\" alt=\"carousel image\" \/><\/span><span class='second_image_holder has_hover_image'><img decoding=\"async\" itemprop=\"image\" src=\"http:\/\/www.solaklarsigorta.com\/wp-content\/uploads\/2025\/02\/Zurichh-sigorta-Solaklar.png\" alt=\"carousel image\" \/><\/span><\/a><\/div><\/li><\/ul><\/div><\/div>[\/vc_column][\/vc_row]<\/p>\n","protected":false},"excerpt":{"rendered":"<p>[vc_row css_animation=&#8221;&#8221; row_type=&#8221;row&#8221; use_row_as_full_screen_section=&#8221;no&#8221; type=&#8221;grid&#8221; angled_section=&#8221;no&#8221; text_align=&#8221;left&#8221; background_image_as_pattern=&#8221;without_pattern&#8221; css=&#8221;.vc_custom_1491987987672{padding-top: 97px !important;}&#8221;][vc_column width=&#8221;1\/2&#8243;][vc_column_text] KASKO S\u0130GORTASI [\/vc_column_text][vc_empty_space height=&#8221;17px&#8221;][vc_column_text] Kasko Sigortas\u0131, herhangi bir motorlu kara ta\u015f\u0131t\u0131n\u0131n sigortal\u0131 ki\u015finin iradesi d\u0131\u015f\u0131nda ara\u00e7 hareket halindeyken ya da dururken hasara u\u011framas\u0131, \u00e7al\u0131nmas\u0131, yanmas\u0131 ve kaza gibi durumlarda sigorta sahibine tazminat \u00f6denmesini&#8230;<\/p>\n","protected":false},"author":1,"featured_media":0,"parent":0,"menu_order":0,"comment_status":"closed","ping_status":"closed","template":"full_width.php","meta":{"footnotes":""},"_links":{"self":[{"href":"https:\/\/www.solaklarsigorta.com\/index.php?rest_route=\/wp\/v2\/pages\/519"}],"collection":[{"href":"https:\/\/www.solaklarsigorta.com\/index.php?rest_route=\/wp\/v2\/pages"}],"about":[{"href":"https:\/\/www.solaklarsigorta.com\/index.php?rest_route=\/wp\/v2\/types\/page"}],"author":[{"embeddable":true,"href":"https:\/\/www.solaklarsigorta.com\/index.php?rest_route=\/wp\/v2\/users\/1"}],"replies":[{"embeddable":true,"href":"https:\/\/www.solaklarsigorta.com\/index.php?rest_route=%2Fwp%2Fv2%2Fcomments&post=519"}],"version-history":[{"count":2,"href":"https:\/\/www.solaklarsigorta.com\/index.php?rest_route=\/wp\/v2\/pages\/519\/revisions"}],"predecessor-version":[{"id":522,"href":"https:\/\/www.solaklarsigorta.com\/index.php?rest_route=\/wp\/v2\/pages\/519\/revisions\/522"}],"wp:attachment":[{"href":"https:\/\/www.solaklarsigorta.com\/index.php?rest_route=%2Fwp%2Fv2%2Fmedia&parent=519"}],"curies":[{"name":"wp","href":"https:\/\/api.w.org\/{rel}","templated":true}]}}