{"id":515,"date":"2019-06-15T12:20:33","date_gmt":"2019-06-15T09:20:33","guid":{"rendered":"http:\/\/www.solaklarsigorta.com\/?page_id=515"},"modified":"2019-06-15T12:20:33","modified_gmt":"2019-06-15T09:20:33","slug":"about-the-company-3-3","status":"publish","type":"page","link":"https:\/\/www.solaklarsigorta.com\/?page_id=515","title":{"rendered":"Trafik Sigortas\u0131"},"content":{"rendered":"<p>[vc_row css_animation=&#8221;&#8221; row_type=&#8221;row&#8221; use_row_as_full_screen_section=&#8221;no&#8221; type=&#8221;grid&#8221; angled_section=&#8221;no&#8221; text_align=&#8221;left&#8221; background_image_as_pattern=&#8221;without_pattern&#8221; css=&#8221;.vc_custom_1491987987672{padding-top: 97px !important;}&#8221;][vc_column width=&#8221;1\/2&#8243;][vc_column_text]<\/p>\n<div style=\"text-align: left;\">\n<div class=\"areaInner\">\n<div class=\"brTop\">\n<h4>Trafik Sigortas\u0131, kaza sonucunda di\u011fer ara\u00e7 veya \u00fc\u00e7\u00fcnc\u00fc \u015fah\u0131slara verebilece\u011finiz zararlar i\u00e7in sizi teminat alt\u0131na alan zorunlu bir sigortad\u0131r.<\/h4>\n<\/div>\n<\/div>\n<\/div>\n<p>[\/vc_column_text][vc_empty_space height=&#8221;17px&#8221;][vc_column_text]<\/p>\n<div style=\"text-align: left;\">\n<div style=\"text-align: left;\">\n<div class=\"areaInner\">\n<div class=\"brTop\">Trafik Sigortas\u0131\u2019n\u0131n kapsam\u0131nda; sigortac\u0131, poli\u00e7ede tan\u0131mlanan motorlu arac\u0131n i\u015fletilmesi s\u0131ras\u0131nda, bir kimsenin \u00f6l\u00fcm\u00fcne veya yaralanmas\u0131na veya bir \u015feyin zarara u\u011framas\u0131na sebebiyet vermi\u015f ise Karayollar\u0131 Trafik Kanunu&#8217;na g\u00f6re, i\u015fletene d\u00fc\u015fen hukuki sorumlulu\u011fu, zorunlu sigorta limitlerine kadar temin edilir.<br \/>\nMeydana gelen bir kazada zarar\u0131n \u00f6nlenmesi veya azalt\u0131lmas\u0131 amac\u0131yla, sigorta ettirenin yapaca\u011f\u0131 mak\u00fbl ve zorunlu masraflar sigortac\u0131 taraf\u0131ndan kar\u015f\u0131lan\u0131r.<\/div>\n<\/div>\n<\/div>\n<\/div>\n<p>[\/vc_column_text][vc_empty_space height=&#8221;17px&#8221;][vc_column_text]<\/p>\n<div style=\"text-align: left;\">\n<div style=\"text-align: left;\">\n<div class=\"brTop\">\n<h3 class=\"colorOrange\">Neden Trafik Sigortas\u0131 yapt\u0131r\u0131lmal\u0131d\u0131r?<\/h3>\n<p>Trafik Sigortas\u0131 genellikle Kasko Sigortas\u0131 ile kar\u0131\u015ft\u0131r\u0131l\u0131r. Trafik Sigortas\u0131\u2019n\u0131n Kasko Sigortas\u0131\u2019ndan fark\u0131, sigortay\u0131 yapt\u0131ran\u0131n de\u011fil kar\u015f\u0131 taraf\u0131n u\u011frayaca\u011f\u0131 zararlar\u0131n kar\u015f\u0131lanmas\u0131na y\u00f6nelik zorunlu bir sigortad\u0131r.<\/p>\n<\/div>\n<p>Talep edilmesi durumunda tek bir poli\u00e7e ile \u201cTrafik Sigortas\u0131\u201d teminat\u0131 ile birlikte;<\/p>\n<ul class=\"text-list\">\n<li style=\"list-style-type: none;\">\n<ul class=\"text-list\">\n<li>Artan Mali Sorumluluk (\u0130MM),<\/li>\n<li>Koltuk Ferdi Kaza (KFK),<\/li>\n<li>Anadolu Hizmet \u2013 Trafik<\/li>\n<\/ul>\n<\/li>\n<\/ul>\n<p>teminatlar\u0131 da bir arada al\u0131nabilmektedir.<\/p>\n<p>Buna g\u00f6re Trafik Sigortas\u0131 \u00fcr\u00fcnlerimiz a\u015fa\u011f\u0131daki alternatiflerden biri ile sunulmaktad\u0131r.<\/p>\n<ul class=\"text-list\">\n<li>Ekstra Trafik Sigortas\u0131<\/li>\n<li>S\u00fcper Trafik Sigortas\u0131<\/li>\n<li>S\u0131n\u0131rs\u0131z Trafik Sigortas\u0131<\/li>\n<\/ul>\n<\/div>\n<\/div>\n<p>[\/vc_column_text][vc_empty_space height=&#8221;17px&#8221;][\/vc_column][vc_column width=&#8221;1\/2&#8243;][vc_empty_space height=&#8221;7px&#8221;][vc_single_image image=&#8221;516&#8243; img_size=&#8221;full&#8221; qode_css_animation=&#8221;&#8221;][vc_empty_space height=&#8221;40px&#8221;][\/vc_column][\/vc_row][vc_row css_animation=&#8221;&#8221; row_type=&#8221;row&#8221; use_row_as_full_screen_section=&#8221;no&#8221; type=&#8221;grid&#8221; angled_section=&#8221;no&#8221; text_align=&#8221;left&#8221; background_image_as_pattern=&#8221;without_pattern&#8221; css=&#8221;.vc_custom_1473086245677{padding-top: 13px !important;padding-bottom: 13px !important;background-color: #ffffff !important;}&#8221;][vc_column]<div class='qode_carousels_holder clearfix'><div class='qode_carousels' data-number-of-visible-items='4'><ul class='slides'><li class='item'><div class=\"carousel_item_holder\"><a itemprop='url' href='#' target='_self'><span class='first_image_holder has_hover_image'><img decoding=\"async\" itemprop=\"image\" src=\"http:\/\/www.solaklarsigorta.com\/wp-content\/uploads\/2025\/02\/ak-sigorta-solaklar.png\" alt=\"carousel image\" \/><\/span><span class='second_image_holder has_hover_image'><img decoding=\"async\" itemprop=\"image\" src=\"http:\/\/www.solaklarsigorta.com\/wp-content\/uploads\/2025\/02\/ak-sigorta-solaklar.png\" alt=\"carousel image\" \/><\/span><\/a><\/div><\/li><li class='item'><div class=\"carousel_item_holder\"><a itemprop='url' href='#' target='_self'><span class='first_image_holder has_hover_image'><img decoding=\"async\" itemprop=\"image\" src=\"http:\/\/www.solaklarsigorta.com\/wp-content\/uploads\/2025\/02\/Axa-sigorta-Solaklar.png\" alt=\"carousel image\" \/><\/span><span class='second_image_holder has_hover_image'><img decoding=\"async\" itemprop=\"image\" src=\"http:\/\/www.solaklarsigorta.com\/wp-content\/uploads\/2025\/02\/Axa-sigorta-Solaklar.png\" alt=\"carousel image\" \/><\/span><\/a><\/div><\/li><li class='item'><div class=\"carousel_item_holder\"><a itemprop='url' href='#' target='_self'><span class='first_image_holder has_hover_image'><img decoding=\"async\" itemprop=\"image\" src=\"http:\/\/www.solaklarsigorta.com\/wp-content\/uploads\/2025\/02\/sompo-sigorta-solaklar.png\" alt=\"carousel image\" \/><\/span><span class='second_image_holder has_hover_image'><img decoding=\"async\" itemprop=\"image\" src=\"http:\/\/www.solaklarsigorta.com\/wp-content\/uploads\/2025\/02\/sompo-sigorta-solaklar.png\" alt=\"carousel image\" \/><\/span><\/a><\/div><\/li><li class='item'><div class=\"carousel_item_holder\"><a itemprop='url' href='#' target='_self'><span class='first_image_holder has_hover_image'><img decoding=\"async\" itemprop=\"image\" src=\"http:\/\/www.solaklarsigorta.com\/wp-content\/uploads\/2025\/02\/HDI-Sigorta-solaklar.png\" alt=\"carousel image\" \/><\/span><span class='second_image_holder has_hover_image'><img decoding=\"async\" itemprop=\"image\" src=\"http:\/\/www.solaklarsigorta.com\/wp-content\/uploads\/2025\/02\/HDI-Sigorta-solaklar.png\" alt=\"carousel image\" \/><\/span><\/a><\/div><\/li><li class='item'><div class=\"carousel_item_holder\"><a itemprop='url' href='#' target='_self'><span class='first_image_holder has_hover_image'><img decoding=\"async\" itemprop=\"image\" src=\"http:\/\/www.solaklarsigorta.com\/wp-content\/uploads\/2025\/02\/unico-sigorta-solaklar.png\" alt=\"carousel image\" \/><\/span><span class='second_image_holder has_hover_image'><img decoding=\"async\" itemprop=\"image\" src=\"http:\/\/www.solaklarsigorta.com\/wp-content\/uploads\/2025\/02\/unico-sigorta-solaklar.png\" alt=\"carousel image\" \/><\/span><\/a><\/div><\/li><li class='item'><div class=\"carousel_item_holder\"><a itemprop='url' href='#' target='_self'><span class='first_image_holder has_hover_image'><img decoding=\"async\" itemprop=\"image\" src=\"http:\/\/www.solaklarsigorta.com\/wp-content\/uploads\/2025\/02\/ray-sigorta-solaklar-1.png\" alt=\"carousel image\" \/><\/span><span class='second_image_holder has_hover_image'><img decoding=\"async\" itemprop=\"image\" src=\"http:\/\/www.solaklarsigorta.com\/wp-content\/uploads\/2025\/02\/ray-sigorta-solaklar.png\" alt=\"carousel image\" \/><\/span><\/a><\/div><\/li><li class='item'><div class=\"carousel_item_holder\"><a itemprop='url' href='#' target='_self'><span class='first_image_holder has_hover_image'><img decoding=\"async\" itemprop=\"image\" src=\"http:\/\/www.solaklarsigorta.com\/wp-content\/uploads\/2025\/02\/quick-sigorta-solaklar.png\" alt=\"carousel image\" \/><\/span><span class='second_image_holder has_hover_image'><img decoding=\"async\" itemprop=\"image\" src=\"http:\/\/www.solaklarsigorta.com\/wp-content\/uploads\/2025\/02\/quick-sigorta-solaklar.png\" alt=\"carousel image\" \/><\/span><\/a><\/div><\/li><li class='item'><div class=\"carousel_item_holder\"><a itemprop='url' href='#' target='_self'><span class='first_image_holder has_hover_image'><img decoding=\"async\" itemprop=\"image\" src=\"http:\/\/www.solaklarsigorta.com\/wp-content\/uploads\/2025\/02\/Hepiyi-sigorta-Solaklar.png\" alt=\"carousel image\" \/><\/span><span class='second_image_holder has_hover_image'><img decoding=\"async\" itemprop=\"image\" src=\"http:\/\/www.solaklarsigorta.com\/wp-content\/uploads\/2025\/02\/Hepiyi-sigorta-Solaklar.png\" alt=\"carousel image\" \/><\/span><\/a><\/div><\/li><li class='item'><div class=\"carousel_item_holder\"><a itemprop='url' href='#' target='_self'><span class='first_image_holder has_hover_image'><img decoding=\"async\" itemprop=\"image\" src=\"http:\/\/www.solaklarsigorta.com\/wp-content\/uploads\/2025\/02\/neova-sigorta-Solaklar.png\" alt=\"carousel image\" \/><\/span><span class='second_image_holder has_hover_image'><img decoding=\"async\" itemprop=\"image\" src=\"http:\/\/www.solaklarsigorta.com\/wp-content\/uploads\/2025\/02\/neova-sigorta-Solaklar.png\" alt=\"carousel image\" \/><\/span><\/a><\/div><\/li><li class='item'><div class=\"carousel_item_holder\"><a itemprop='url' href='#' target='_self'><span class='first_image_holder has_hover_image'><img decoding=\"async\" itemprop=\"image\" src=\"http:\/\/www.solaklarsigorta.com\/wp-content\/uploads\/2025\/02\/Zurichh-sigorta-Solaklar.png\" alt=\"carousel image\" \/><\/span><span class='second_image_holder has_hover_image'><img decoding=\"async\" itemprop=\"image\" src=\"http:\/\/www.solaklarsigorta.com\/wp-content\/uploads\/2025\/02\/Zurichh-sigorta-Solaklar.png\" alt=\"carousel image\" \/><\/span><\/a><\/div><\/li><\/ul><\/div><\/div>[\/vc_column][\/vc_row]<\/p>\n","protected":false},"excerpt":{"rendered":"<p>[vc_row css_animation=&#8221;&#8221; row_type=&#8221;row&#8221; use_row_as_full_screen_section=&#8221;no&#8221; type=&#8221;grid&#8221; angled_section=&#8221;no&#8221; text_align=&#8221;left&#8221; background_image_as_pattern=&#8221;without_pattern&#8221; css=&#8221;.vc_custom_1491987987672{padding-top: 97px !important;}&#8221;][vc_column width=&#8221;1\/2&#8243;][vc_column_text] Trafik Sigortas\u0131, kaza sonucunda di\u011fer ara\u00e7 veya \u00fc\u00e7\u00fcnc\u00fc \u015fah\u0131slara verebilece\u011finiz zararlar i\u00e7in sizi teminat alt\u0131na alan zorunlu bir sigortad\u0131r. [\/vc_column_text][vc_empty_space height=&#8221;17px&#8221;][vc_column_text] Trafik Sigortas\u0131\u2019n\u0131n kapsam\u0131nda; sigortac\u0131, poli\u00e7ede tan\u0131mlanan motorlu arac\u0131n i\u015fletilmesi s\u0131ras\u0131nda, bir kimsenin&#8230;<\/p>\n","protected":false},"author":1,"featured_media":0,"parent":0,"menu_order":0,"comment_status":"closed","ping_status":"closed","template":"full_width.php","meta":{"footnotes":""},"_links":{"self":[{"href":"https:\/\/www.solaklarsigorta.com\/index.php?rest_route=\/wp\/v2\/pages\/515"}],"collection":[{"href":"https:\/\/www.solaklarsigorta.com\/index.php?rest_route=\/wp\/v2\/pages"}],"about":[{"href":"https:\/\/www.solaklarsigorta.com\/index.php?rest_route=\/wp\/v2\/types\/page"}],"author":[{"embeddable":true,"href":"https:\/\/www.solaklarsigorta.com\/index.php?rest_route=\/wp\/v2\/users\/1"}],"replies":[{"embeddable":true,"href":"https:\/\/www.solaklarsigorta.com\/index.php?rest_route=%2Fwp%2Fv2%2Fcomments&post=515"}],"version-history":[{"count":1,"href":"https:\/\/www.solaklarsigorta.com\/index.php?rest_route=\/wp\/v2\/pages\/515\/revisions"}],"predecessor-version":[{"id":517,"href":"https:\/\/www.solaklarsigorta.com\/index.php?rest_route=\/wp\/v2\/pages\/515\/revisions\/517"}],"wp:attachment":[{"href":"https:\/\/www.solaklarsigorta.com\/index.php?rest_route=%2Fwp%2Fv2%2Fmedia&parent=515"}],"curies":[{"name":"wp","href":"https:\/\/api.w.org\/{rel}","templated":true}]}}