{"id":503,"date":"2019-06-15T12:10:29","date_gmt":"2019-06-15T09:10:29","guid":{"rendered":"http:\/\/www.solaklarsigorta.com\/?page_id=503"},"modified":"2025-02-07T19:14:39","modified_gmt":"2025-02-07T16:14:39","slug":"about-the-company-3","status":"publish","type":"page","link":"https:\/\/www.solaklarsigorta.com\/?page_id=503","title":{"rendered":"\u0130\u015f Yeri Sigortas\u0131"},"content":{"rendered":"<p>[vc_row css_animation=&#8221;&#8221; row_type=&#8221;row&#8221; use_row_as_full_screen_section=&#8221;no&#8221; type=&#8221;grid&#8221; angled_section=&#8221;no&#8221; text_align=&#8221;left&#8221; background_image_as_pattern=&#8221;without_pattern&#8221; css=&#8221;.vc_custom_1491987987672{padding-top: 97px !important;}&#8221;][vc_column width=&#8221;1\/2&#8243;][vc_column_text]<\/p>\n<h2>\u0130\u015eYER\u0130 PAKET S\u0130GORTASI<\/h2>\n<p>[\/vc_column_text][vc_empty_space height=&#8221;17px&#8221;][vc_column_text]<\/p>\n<div style=\"text-align: left;\">\u0130\u015fyerinde g\u00fcvenle ve huzurla \u00e7al\u0131\u015fmak i\u015fyeri paket sigortas\u0131 yapt\u0131rmakla m\u00fcmk\u00fcnd\u00fcr. Anadolu Sigorta olarak bu \u00fcr\u00fcn\u00fcm\u00fcz; i\u015fyeri binan\u0131z\u0131, camlar\u0131n\u0131z\u0131 ve di\u011fer t\u00fcm muhteviyat\u0131n\u0131z\u0131 koruma alt\u0131na alarak i\u015fyerinizde olu\u015fabilecek hasarlar\u0131 g\u00fcvence alt\u0131na al\u0131r. Yang\u0131n, su bask\u0131n\u0131, ta\u015f\u0131t \u00e7arpmas\u0131, h\u0131rs\u0131zl\u0131k, cam k\u0131r\u0131lmas\u0131 ve daha pek \u00e7ok riske kar\u015f\u0131 i\u015fyeriniz i\u00e7in en geni\u015f g\u00fcvenceyi sunar.<\/div>\n<p>[\/vc_column_text][vc_empty_space height=&#8221;17px&#8221;][vc_column_text]<\/p>\n<div style=\"text-align: left;\">\n<h3 class=\"colorOrange\">Neden \u0130\u015fyeri Paket Sigortas\u0131 Almal\u0131y\u0131m?<\/h3>\n<p>\u0130\u015f yerlerindeki mallardan e\u015fyaya, elektronik cihazlardan makinelere, m\u00fc\u015fterilerinizden \u00e7al\u0131\u015fanlar\u0131n\u0131za kadar t\u00fcm ta\u015f\u0131n\u0131r ve ta\u015f\u0131nmazlar\u0131n\u0131z Maksimum\u00a0Sigorta\u2019n\u0131n en ekonomik \u00e7\u00f6z\u00fcmle size sundu\u011fu i\u015fyeri paket sigortas\u0131 \u00fcr\u00fcn\u00fcyle g\u00fcvence alt\u0131nda.<\/p>\n<p>Maksimum\u00a0Sigorta\u2019n\u0131n i\u015fyeri paket sigortas\u0131 ile teminat alt\u0131na al\u0131nan yerler; sat\u0131\u015f yerleri, at\u00f6lyeler, depolar, fabrikalar, imalathaneler, ambar ve ardiyeler ve \u00f6zellik arz eden mekanlard\u0131r.<\/p>\n<\/div>\n<p>[\/vc_column_text][vc_empty_space height=&#8221;17px&#8221;][vc_column_text]<\/p>\n<div style=\"text-align: left;\">\n<p style=\"text-align: left;\">\u0130\u015fyeri Paket Sigortas\u0131 Teminatlar Anadolu \u0130\u015fyeri Paket Sigortas\u0131n\u0131n tek poli\u00e7eyle otomatik olarak sundu\u011fu g\u00fcvenceler;Teminat alt\u0131na al\u0131nabilecek i\u015fyerleri :-Sat\u0131\u015f Yerleri-At\u00f6lyeler-Depolar-Fabrikalar-\u0130malathaneler-Ambar ve Ardiyeler-\u00d6zellik Arzeden Yerler<\/p>\n<p><strong>\u0130zolasyon Yetersizli\u011fi Sonucu Olu\u015fan Dahili Su Hasarlar\u0131 (Sadece Anadolu Sigorta&#8217;da 500.000 TL limit ile)<\/strong><\/p>\n<p>\u0130zolasyon yetersizli\u011fi ve\/veya kayb\u0131 nedeniyle ya\u011fmur ve kar sular\u0131n\u0131n binan\u0131n d\u0131\u015f cephe veya teras\u0131ndan (yer s\u00fczgeci bulunan) veya pencere, kap\u0131 ve pervazlar\u0131ndan (a\u00e7\u0131klar\u0131ndan) s\u0131zmas\u0131 ve\/veya girmesi neticesi ile yak\u0131n sebebi derz kaynakl\u0131 olan hasarlar teminat kapsam\u0131na dahil edilmi\u015ftir.<\/p>\n<p><strong>Eksik Sigorta Klozu<\/strong><\/p>\n<p>Yang\u0131n Sigortas\u0131 Genel \u015eartlar\u0131 dahilinde, sigorta s\u00f6zle\u015fmesi kapsam\u0131nda olabilecek herhangi bir hasar sonucu \u00f6denecek azami tazminat poli\u00e7ede yaz\u0131l\u0131 sigorta bedelleri ile s\u0131n\u0131rl\u0131 olmaktad\u0131r. K\u0131smi hasarlarda ise, poli\u00e7ede belirtilen sigorta bedeli ile sigorta de\u011feri aras\u0131ndaki fark % 10 veya daha az ise eksik sigorta uygulanmamaktad\u0131r.<\/p>\n<p><strong>Kirac\u0131 Taraf\u0131ndan Yapt\u0131r\u0131lan Hizmetlerin Korunumu<\/strong><\/p>\n<p>Sigortal\u0131n\u0131n kirac\u0131 olmas\u0131 durumunda ve dekorasyon sigorta konusu i\u00e7in ayr\u0131ca teminat al\u0131nmam\u0131\u015fsa; teminat kapsam\u0131na giren bir hasara ili\u015fkin kirac\u0131 taraf\u0131ndan yapt\u0131r\u0131lan boya, badana, cila ve sabit dekorasyona ait masraflar, poli\u00e7ede belirtilen tutarlar ile s\u0131n\u0131rl\u0131 olmak kayd\u0131 ile teminat alt\u0131ndad\u0131r.<\/p>\n<p><strong>Makine K\u0131r\u0131lmas\u0131 Sigortas\u0131 Hasarlar\u0131nda Eksik Sigorta Uygulamas\u0131<\/strong><\/p>\n<p>Makine k\u0131r\u0131lmas\u0131 sigortas\u0131na ba\u011fl\u0131 k\u0131smi hasarlarda, poli\u00e7e \u00fczerinde yer alan makine tesisat sigorta bedeli ile hasarl\u0131 makinenin yeni ikame bedeli aras\u0131ndaki eksik sigorta oran\u0131 %25 ve alt\u0131nda ise eksik sigorta uygulanmamaktad\u0131r. Aksi takdirde hasar \u00f6demeleri Makine K\u0131r\u0131lmas\u0131 Sigortas\u0131 Genel \u015eartlar\u0131 \u00e7er\u00e7evesinde yap\u0131lmaktad\u0131r.<\/p>\n<p><strong>Elektronik Cihaz Sigortas\u0131 Hasarlar\u0131nda Eksik Sigorta Uygulamas\u0131<\/strong><\/p>\n<p>Elektronik Cihaz sigortas\u0131na ba\u011fl\u0131 k\u0131smi hasarlarda, poli\u00e7e \u00fczerinde yer alan elektronik cihaz sigorta bedeli ile hasarl\u0131 elektronik cihaz\u0131n yeni ikame bedeli aras\u0131ndaki eksik sigorta oran\u0131 %25 ve alt\u0131nda ise eksik sigorta uygulanmamaktad\u0131r. Aksi takdirde hasar \u00f6demeleri Elektronik Cihaz Sigortas\u0131 Genel \u015eartlar\u0131 \u00e7er\u00e7evesinde yap\u0131lmaktad\u0131r.<\/p>\n<\/div>\n<p>[\/vc_column_text][vc_empty_space height=&#8221;17px&#8221;][\/vc_column][vc_column width=&#8221;1\/2&#8243;][vc_empty_space height=&#8221;7px&#8221;][vc_single_image image=&#8221;583&#8243; img_size=&#8221;full&#8221; qode_css_animation=&#8221;&#8221;][vc_empty_space height=&#8221;40px&#8221;][\/vc_column][\/vc_row][vc_row css_animation=&#8221;&#8221; row_type=&#8221;row&#8221; use_row_as_full_screen_section=&#8221;no&#8221; type=&#8221;grid&#8221; angled_section=&#8221;no&#8221; text_align=&#8221;left&#8221; background_image_as_pattern=&#8221;without_pattern&#8221; css=&#8221;.vc_custom_1473086245677{padding-top: 13px !important;padding-bottom: 13px !important;background-color: #ffffff !important;}&#8221;][vc_column]<div class='qode_carousels_holder clearfix'><div class='qode_carousels' data-number-of-visible-items='4'><ul class='slides'><li class='item'><div class=\"carousel_item_holder\"><a itemprop='url' href='#' target='_self'><span class='first_image_holder has_hover_image'><img decoding=\"async\" itemprop=\"image\" src=\"http:\/\/www.solaklarsigorta.com\/wp-content\/uploads\/2025\/02\/ak-sigorta-solaklar.png\" alt=\"carousel image\" \/><\/span><span class='second_image_holder has_hover_image'><img decoding=\"async\" itemprop=\"image\" src=\"http:\/\/www.solaklarsigorta.com\/wp-content\/uploads\/2025\/02\/ak-sigorta-solaklar.png\" alt=\"carousel image\" \/><\/span><\/a><\/div><\/li><li class='item'><div class=\"carousel_item_holder\"><a itemprop='url' href='#' target='_self'><span class='first_image_holder has_hover_image'><img decoding=\"async\" itemprop=\"image\" src=\"http:\/\/www.solaklarsigorta.com\/wp-content\/uploads\/2025\/02\/Axa-sigorta-Solaklar.png\" alt=\"carousel image\" \/><\/span><span class='second_image_holder has_hover_image'><img decoding=\"async\" itemprop=\"image\" src=\"http:\/\/www.solaklarsigorta.com\/wp-content\/uploads\/2025\/02\/Axa-sigorta-Solaklar.png\" alt=\"carousel image\" \/><\/span><\/a><\/div><\/li><li class='item'><div class=\"carousel_item_holder\"><a itemprop='url' href='#' target='_self'><span class='first_image_holder has_hover_image'><img decoding=\"async\" itemprop=\"image\" src=\"http:\/\/www.solaklarsigorta.com\/wp-content\/uploads\/2025\/02\/sompo-sigorta-solaklar.png\" alt=\"carousel image\" \/><\/span><span class='second_image_holder has_hover_image'><img decoding=\"async\" itemprop=\"image\" src=\"http:\/\/www.solaklarsigorta.com\/wp-content\/uploads\/2025\/02\/sompo-sigorta-solaklar.png\" alt=\"carousel image\" \/><\/span><\/a><\/div><\/li><li class='item'><div class=\"carousel_item_holder\"><a itemprop='url' href='#' target='_self'><span class='first_image_holder has_hover_image'><img decoding=\"async\" itemprop=\"image\" src=\"http:\/\/www.solaklarsigorta.com\/wp-content\/uploads\/2025\/02\/HDI-Sigorta-solaklar.png\" alt=\"carousel image\" \/><\/span><span class='second_image_holder has_hover_image'><img decoding=\"async\" itemprop=\"image\" src=\"http:\/\/www.solaklarsigorta.com\/wp-content\/uploads\/2025\/02\/HDI-Sigorta-solaklar.png\" alt=\"carousel image\" \/><\/span><\/a><\/div><\/li><li class='item'><div class=\"carousel_item_holder\"><a itemprop='url' href='#' target='_self'><span class='first_image_holder has_hover_image'><img decoding=\"async\" itemprop=\"image\" src=\"http:\/\/www.solaklarsigorta.com\/wp-content\/uploads\/2025\/02\/unico-sigorta-solaklar.png\" alt=\"carousel image\" \/><\/span><span class='second_image_holder has_hover_image'><img decoding=\"async\" itemprop=\"image\" src=\"http:\/\/www.solaklarsigorta.com\/wp-content\/uploads\/2025\/02\/unico-sigorta-solaklar.png\" alt=\"carousel image\" \/><\/span><\/a><\/div><\/li><li class='item'><div class=\"carousel_item_holder\"><a itemprop='url' href='#' target='_self'><span class='first_image_holder has_hover_image'><img decoding=\"async\" itemprop=\"image\" src=\"http:\/\/www.solaklarsigorta.com\/wp-content\/uploads\/2025\/02\/ray-sigorta-solaklar-1.png\" alt=\"carousel image\" \/><\/span><span class='second_image_holder has_hover_image'><img decoding=\"async\" itemprop=\"image\" src=\"http:\/\/www.solaklarsigorta.com\/wp-content\/uploads\/2025\/02\/ray-sigorta-solaklar.png\" alt=\"carousel image\" \/><\/span><\/a><\/div><\/li><li class='item'><div class=\"carousel_item_holder\"><a itemprop='url' href='#' target='_self'><span class='first_image_holder has_hover_image'><img decoding=\"async\" itemprop=\"image\" src=\"http:\/\/www.solaklarsigorta.com\/wp-content\/uploads\/2025\/02\/quick-sigorta-solaklar.png\" alt=\"carousel image\" \/><\/span><span class='second_image_holder has_hover_image'><img decoding=\"async\" itemprop=\"image\" src=\"http:\/\/www.solaklarsigorta.com\/wp-content\/uploads\/2025\/02\/quick-sigorta-solaklar.png\" alt=\"carousel image\" \/><\/span><\/a><\/div><\/li><li class='item'><div class=\"carousel_item_holder\"><a itemprop='url' href='#' target='_self'><span class='first_image_holder has_hover_image'><img decoding=\"async\" itemprop=\"image\" src=\"http:\/\/www.solaklarsigorta.com\/wp-content\/uploads\/2025\/02\/Hepiyi-sigorta-Solaklar.png\" alt=\"carousel image\" \/><\/span><span class='second_image_holder has_hover_image'><img decoding=\"async\" itemprop=\"image\" src=\"http:\/\/www.solaklarsigorta.com\/wp-content\/uploads\/2025\/02\/Hepiyi-sigorta-Solaklar.png\" alt=\"carousel image\" \/><\/span><\/a><\/div><\/li><li class='item'><div class=\"carousel_item_holder\"><a itemprop='url' href='#' target='_self'><span class='first_image_holder has_hover_image'><img decoding=\"async\" itemprop=\"image\" src=\"http:\/\/www.solaklarsigorta.com\/wp-content\/uploads\/2025\/02\/neova-sigorta-Solaklar.png\" alt=\"carousel image\" \/><\/span><span class='second_image_holder has_hover_image'><img decoding=\"async\" itemprop=\"image\" src=\"http:\/\/www.solaklarsigorta.com\/wp-content\/uploads\/2025\/02\/neova-sigorta-Solaklar.png\" alt=\"carousel image\" \/><\/span><\/a><\/div><\/li><li class='item'><div class=\"carousel_item_holder\"><a itemprop='url' href='#' target='_self'><span class='first_image_holder has_hover_image'><img decoding=\"async\" itemprop=\"image\" src=\"http:\/\/www.solaklarsigorta.com\/wp-content\/uploads\/2025\/02\/Zurichh-sigorta-Solaklar.png\" alt=\"carousel image\" \/><\/span><span class='second_image_holder has_hover_image'><img decoding=\"async\" itemprop=\"image\" src=\"http:\/\/www.solaklarsigorta.com\/wp-content\/uploads\/2025\/02\/Zurichh-sigorta-Solaklar.png\" alt=\"carousel image\" \/><\/span><\/a><\/div><\/li><\/ul><\/div><\/div>[\/vc_column][\/vc_row]<\/p>\n","protected":false},"excerpt":{"rendered":"<p>[vc_row css_animation=&#8221;&#8221; row_type=&#8221;row&#8221; use_row_as_full_screen_section=&#8221;no&#8221; type=&#8221;grid&#8221; angled_section=&#8221;no&#8221; text_align=&#8221;left&#8221; background_image_as_pattern=&#8221;without_pattern&#8221; css=&#8221;.vc_custom_1491987987672{padding-top: 97px !important;}&#8221;][vc_column width=&#8221;1\/2&#8243;][vc_column_text] \u0130\u015eYER\u0130 PAKET S\u0130GORTASI [\/vc_column_text][vc_empty_space height=&#8221;17px&#8221;][vc_column_text] \u0130\u015fyerinde g\u00fcvenle ve huzurla \u00e7al\u0131\u015fmak i\u015fyeri paket sigortas\u0131 yapt\u0131rmakla m\u00fcmk\u00fcnd\u00fcr. Anadolu Sigorta olarak bu \u00fcr\u00fcn\u00fcm\u00fcz; i\u015fyeri binan\u0131z\u0131, camlar\u0131n\u0131z\u0131 ve di\u011fer t\u00fcm muhteviyat\u0131n\u0131z\u0131 koruma alt\u0131na alarak i\u015fyerinizde olu\u015fabilecek hasarlar\u0131&#8230;<\/p>\n","protected":false},"author":1,"featured_media":0,"parent":0,"menu_order":0,"comment_status":"closed","ping_status":"closed","template":"full_width.php","meta":{"footnotes":""},"_links":{"self":[{"href":"https:\/\/www.solaklarsigorta.com\/index.php?rest_route=\/wp\/v2\/pages\/503"}],"collection":[{"href":"https:\/\/www.solaklarsigorta.com\/index.php?rest_route=\/wp\/v2\/pages"}],"about":[{"href":"https:\/\/www.solaklarsigorta.com\/index.php?rest_route=\/wp\/v2\/types\/page"}],"author":[{"embeddable":true,"href":"https:\/\/www.solaklarsigorta.com\/index.php?rest_route=\/wp\/v2\/users\/1"}],"replies":[{"embeddable":true,"href":"https:\/\/www.solaklarsigorta.com\/index.php?rest_route=%2Fwp%2Fv2%2Fcomments&post=503"}],"version-history":[{"count":3,"href":"https:\/\/www.solaklarsigorta.com\/index.php?rest_route=\/wp\/v2\/pages\/503\/revisions"}],"predecessor-version":[{"id":586,"href":"https:\/\/www.solaklarsigorta.com\/index.php?rest_route=\/wp\/v2\/pages\/503\/revisions\/586"}],"wp:attachment":[{"href":"https:\/\/www.solaklarsigorta.com\/index.php?rest_route=%2Fwp%2Fv2%2Fmedia&parent=503"}],"curies":[{"name":"wp","href":"https:\/\/api.w.org\/{rel}","templated":true}]}}