{"id":136,"date":"2016-11-01T15:42:53","date_gmt":"2016-11-01T15:42:53","guid":{"rendered":"http:\/\/bridge87.qodeinteractive.com\/?page_id=136"},"modified":"2019-12-17T11:14:22","modified_gmt":"2019-12-17T08:14:22","slug":"about-the-company","status":"publish","type":"page","link":"https:\/\/www.solaklarsigorta.com\/?page_id=136","title":{"rendered":"Hakk\u0131m\u0131zda"},"content":{"rendered":"<p>[vc_row css_animation=&#8221;&#8221; row_type=&#8221;row&#8221; use_row_as_full_screen_section=&#8221;no&#8221; type=&#8221;grid&#8221; angled_section=&#8221;no&#8221; text_align=&#8221;left&#8221; background_image_as_pattern=&#8221;without_pattern&#8221; css=&#8221;.vc_custom_1491987987672{padding-top: 97px !important;}&#8221;][vc_column width=&#8221;1\/2&#8243;][vc_column_text]<\/p>\n<h4>HAKKIMIZDA<\/h4>\n<p>[\/vc_column_text][vc_empty_space][vc_column_text]1992 y\u0131l\u0131nda ba\u015flad\u0131\u011f\u0131m\u0131z sigortac\u0131l\u0131k faaliyetimize 1997 y\u0131l\u0131 eyl\u00fcl ay\u0131nda \u00e7oklu acentelik prensiplerimizi geli\u015ftirerek farkl\u0131 konseptteki \u015firketleri bir araya getirmek ve tamamen bizim y\u00f6netimimizdeki \u015fubelerle ofis say\u0131m\u0131z\u0131 artt\u0131rarak yeniden yap\u0131lanarak devam karar\u0131m\u0131z\u0131 verdik. Bug\u00fcn 7 \u015firket acenteli\u011fimizle (aksigorta,axasigorta,halksigorta,somposigorta, ergosigorta,hdisigorta,unicosigorta) bireysel m\u00fc\u015fteri yo\u011funlu\u011funu hedefleyerek yakla\u015f\u0131k 11,000 m\u00fc\u015fterimizle \u00e7al\u0131\u015fmalar\u0131m\u0131z\u0131 y\u00f6netiyoruz. Gelecekte sekt\u00f6r\u00fcn dijitalle\u015fmesini \u00f6ng\u00f6rerek web tabanl\u0131 sat\u0131\u015f ve hizmet a\u011f\u0131m\u0131z\u0131 y\u00f6netmeyi planl\u0131yoruz. 2021 y\u0131l\u0131na dijital acente dijital sat\u0131\u015f ve hizmet slogan\u0131m\u0131zla,hedefimiz temsil etti\u011fimiz sigorta \u015firketlerinin \u00fcretim, hasar, tahsilat ayaklar\u0131nda karl\u0131 acente \u00fcnvan\u0131n\u0131 sa\u011flayarak girece\u011fiz. Hasar prim oranlar\u0131 d\u00fc\u015f\u00fck,personeli mutlu,ofisleri huzurlu,m\u00fc\u015fterisi memnun bir ACENTEY\u0130Z.[\/vc_column_text][\/vc_column][vc_column width=&#8221;1\/2&#8243;][vc_empty_space height=&#8221;7px&#8221;][vc_single_image image=&#8221;484&#8243; img_size=&#8221;full&#8221; qode_css_animation=&#8221;&#8221;][vc_empty_space height=&#8221;40px&#8221;][\/vc_column][\/vc_row][vc_row css_animation=&#8221;&#8221; row_type=&#8221;row&#8221; use_row_as_full_screen_section=&#8221;no&#8221; type=&#8221;grid&#8221; angled_section=&#8221;no&#8221; text_align=&#8221;left&#8221; background_image_as_pattern=&#8221;without_pattern&#8221; css=&#8221;.vc_custom_1473086245677{padding-top: 13px !important;padding-bottom: 13px !important;background-color: #ffffff !important;}&#8221;][vc_column]<div class='qode_carousels_holder clearfix'><div class='qode_carousels' data-number-of-visible-items='4'><ul class='slides'><li class='item'><div class=\"carousel_item_holder\"><a itemprop='url' href='#' target='_self'><span class='first_image_holder has_hover_image'><img decoding=\"async\" itemprop=\"image\" src=\"http:\/\/www.solaklarsigorta.com\/wp-content\/uploads\/2025\/02\/ak-sigorta-solaklar.png\" alt=\"carousel image\" \/><\/span><span class='second_image_holder has_hover_image'><img decoding=\"async\" itemprop=\"image\" src=\"http:\/\/www.solaklarsigorta.com\/wp-content\/uploads\/2025\/02\/ak-sigorta-solaklar.png\" alt=\"carousel image\" \/><\/span><\/a><\/div><\/li><li class='item'><div class=\"carousel_item_holder\"><a itemprop='url' href='#' target='_self'><span class='first_image_holder has_hover_image'><img decoding=\"async\" itemprop=\"image\" src=\"http:\/\/www.solaklarsigorta.com\/wp-content\/uploads\/2025\/02\/Axa-sigorta-Solaklar.png\" alt=\"carousel image\" \/><\/span><span class='second_image_holder has_hover_image'><img decoding=\"async\" itemprop=\"image\" src=\"http:\/\/www.solaklarsigorta.com\/wp-content\/uploads\/2025\/02\/Axa-sigorta-Solaklar.png\" alt=\"carousel image\" \/><\/span><\/a><\/div><\/li><li class='item'><div class=\"carousel_item_holder\"><a itemprop='url' href='#' target='_self'><span class='first_image_holder has_hover_image'><img decoding=\"async\" itemprop=\"image\" src=\"http:\/\/www.solaklarsigorta.com\/wp-content\/uploads\/2025\/02\/sompo-sigorta-solaklar.png\" alt=\"carousel image\" \/><\/span><span class='second_image_holder has_hover_image'><img decoding=\"async\" itemprop=\"image\" src=\"http:\/\/www.solaklarsigorta.com\/wp-content\/uploads\/2025\/02\/sompo-sigorta-solaklar.png\" alt=\"carousel image\" \/><\/span><\/a><\/div><\/li><li class='item'><div class=\"carousel_item_holder\"><a itemprop='url' href='#' target='_self'><span class='first_image_holder has_hover_image'><img decoding=\"async\" itemprop=\"image\" src=\"http:\/\/www.solaklarsigorta.com\/wp-content\/uploads\/2025\/02\/HDI-Sigorta-solaklar.png\" alt=\"carousel image\" \/><\/span><span class='second_image_holder has_hover_image'><img decoding=\"async\" itemprop=\"image\" src=\"http:\/\/www.solaklarsigorta.com\/wp-content\/uploads\/2025\/02\/HDI-Sigorta-solaklar.png\" alt=\"carousel image\" \/><\/span><\/a><\/div><\/li><li class='item'><div class=\"carousel_item_holder\"><a itemprop='url' href='#' target='_self'><span class='first_image_holder has_hover_image'><img decoding=\"async\" itemprop=\"image\" src=\"http:\/\/www.solaklarsigorta.com\/wp-content\/uploads\/2025\/02\/unico-sigorta-solaklar.png\" alt=\"carousel image\" \/><\/span><span class='second_image_holder has_hover_image'><img decoding=\"async\" itemprop=\"image\" src=\"http:\/\/www.solaklarsigorta.com\/wp-content\/uploads\/2025\/02\/unico-sigorta-solaklar.png\" alt=\"carousel image\" \/><\/span><\/a><\/div><\/li><li class='item'><div class=\"carousel_item_holder\"><a itemprop='url' href='#' target='_self'><span class='first_image_holder has_hover_image'><img decoding=\"async\" itemprop=\"image\" src=\"http:\/\/www.solaklarsigorta.com\/wp-content\/uploads\/2025\/02\/ray-sigorta-solaklar-1.png\" alt=\"carousel image\" \/><\/span><span class='second_image_holder has_hover_image'><img decoding=\"async\" itemprop=\"image\" src=\"http:\/\/www.solaklarsigorta.com\/wp-content\/uploads\/2025\/02\/ray-sigorta-solaklar.png\" alt=\"carousel image\" \/><\/span><\/a><\/div><\/li><li class='item'><div class=\"carousel_item_holder\"><a itemprop='url' href='#' target='_self'><span class='first_image_holder has_hover_image'><img decoding=\"async\" itemprop=\"image\" src=\"http:\/\/www.solaklarsigorta.com\/wp-content\/uploads\/2025\/02\/quick-sigorta-solaklar.png\" alt=\"carousel image\" \/><\/span><span class='second_image_holder has_hover_image'><img decoding=\"async\" itemprop=\"image\" src=\"http:\/\/www.solaklarsigorta.com\/wp-content\/uploads\/2025\/02\/quick-sigorta-solaklar.png\" alt=\"carousel image\" \/><\/span><\/a><\/div><\/li><li class='item'><div class=\"carousel_item_holder\"><a itemprop='url' href='#' target='_self'><span class='first_image_holder has_hover_image'><img decoding=\"async\" itemprop=\"image\" src=\"http:\/\/www.solaklarsigorta.com\/wp-content\/uploads\/2025\/02\/Hepiyi-sigorta-Solaklar.png\" alt=\"carousel image\" \/><\/span><span class='second_image_holder has_hover_image'><img decoding=\"async\" itemprop=\"image\" src=\"http:\/\/www.solaklarsigorta.com\/wp-content\/uploads\/2025\/02\/Hepiyi-sigorta-Solaklar.png\" alt=\"carousel image\" \/><\/span><\/a><\/div><\/li><li class='item'><div class=\"carousel_item_holder\"><a itemprop='url' href='#' target='_self'><span class='first_image_holder has_hover_image'><img decoding=\"async\" itemprop=\"image\" src=\"http:\/\/www.solaklarsigorta.com\/wp-content\/uploads\/2025\/02\/neova-sigorta-Solaklar.png\" alt=\"carousel image\" \/><\/span><span class='second_image_holder has_hover_image'><img decoding=\"async\" itemprop=\"image\" src=\"http:\/\/www.solaklarsigorta.com\/wp-content\/uploads\/2025\/02\/neova-sigorta-Solaklar.png\" alt=\"carousel image\" \/><\/span><\/a><\/div><\/li><li class='item'><div class=\"carousel_item_holder\"><a itemprop='url' href='#' target='_self'><span class='first_image_holder has_hover_image'><img decoding=\"async\" itemprop=\"image\" src=\"http:\/\/www.solaklarsigorta.com\/wp-content\/uploads\/2025\/02\/Zurichh-sigorta-Solaklar.png\" alt=\"carousel image\" \/><\/span><span class='second_image_holder has_hover_image'><img decoding=\"async\" itemprop=\"image\" src=\"http:\/\/www.solaklarsigorta.com\/wp-content\/uploads\/2025\/02\/Zurichh-sigorta-Solaklar.png\" alt=\"carousel image\" \/><\/span><\/a><\/div><\/li><\/ul><\/div><\/div>[\/vc_column][\/vc_row]<\/p>\n","protected":false},"excerpt":{"rendered":"<p>[vc_row css_animation=&#8221;&#8221; row_type=&#8221;row&#8221; use_row_as_full_screen_section=&#8221;no&#8221; type=&#8221;grid&#8221; angled_section=&#8221;no&#8221; text_align=&#8221;left&#8221; background_image_as_pattern=&#8221;without_pattern&#8221; css=&#8221;.vc_custom_1491987987672{padding-top: 97px !important;}&#8221;][vc_column width=&#8221;1\/2&#8243;][vc_column_text] HAKKIMIZDA [\/vc_column_text][vc_empty_space][vc_column_text]1992 y\u0131l\u0131nda ba\u015flad\u0131\u011f\u0131m\u0131z sigortac\u0131l\u0131k faaliyetimize 1997 y\u0131l\u0131 eyl\u00fcl ay\u0131nda \u00e7oklu acentelik prensiplerimizi geli\u015ftirerek farkl\u0131 konseptteki \u015firketleri bir araya getirmek ve tamamen bizim y\u00f6netimimizdeki \u015fubelerle ofis say\u0131m\u0131z\u0131 artt\u0131rarak yeniden yap\u0131lanarak devam karar\u0131m\u0131z\u0131 verdik&#8230;.<\/p>\n","protected":false},"author":1,"featured_media":0,"parent":0,"menu_order":0,"comment_status":"closed","ping_status":"closed","template":"full_width.php","meta":{"footnotes":""},"_links":{"self":[{"href":"https:\/\/www.solaklarsigorta.com\/index.php?rest_route=\/wp\/v2\/pages\/136"}],"collection":[{"href":"https:\/\/www.solaklarsigorta.com\/index.php?rest_route=\/wp\/v2\/pages"}],"about":[{"href":"https:\/\/www.solaklarsigorta.com\/index.php?rest_route=\/wp\/v2\/types\/page"}],"author":[{"embeddable":true,"href":"https:\/\/www.solaklarsigorta.com\/index.php?rest_route=\/wp\/v2\/users\/1"}],"replies":[{"embeddable":true,"href":"https:\/\/www.solaklarsigorta.com\/index.php?rest_route=%2Fwp%2Fv2%2Fcomments&post=136"}],"version-history":[{"count":24,"href":"https:\/\/www.solaklarsigorta.com\/index.php?rest_route=\/wp\/v2\/pages\/136\/revisions"}],"predecessor-version":[{"id":472,"href":"https:\/\/www.solaklarsigorta.com\/index.php?rest_route=\/wp\/v2\/pages\/136\/revisions\/472"}],"wp:attachment":[{"href":"https:\/\/www.solaklarsigorta.com\/index.php?rest_route=%2Fwp%2Fv2%2Fmedia&parent=136"}],"curies":[{"name":"wp","href":"https:\/\/api.w.org\/{rel}","templated":true}]}}